{"id":533,"date":"2023-07-21T14:22:32","date_gmt":"2023-07-21T14:22:32","guid":{"rendered":"https:\/\/nosetu.com\/web\/?page_id=533"},"modified":"2023-07-21T14:37:28","modified_gmt":"2023-07-21T14:37:28","slug":"soporte","status":"publish","type":"page","link":"https:\/\/nosetu.io\/web\/soporte\/","title":{"rendered":"Soporte"},"content":{"rendered":"\n<p>A trav\u00e9s de esta p\u00e1gina puedes contactarnos, nuestro tiempo de respuesta es de 24 a 48 horas h\u00e1biles.<\/p>\n\n\n\n<p><strong>Los mensajes se responden en el mismo orden en que fueron recibidos.<\/strong><\/p>\n\n\n\n<p>Recuerda que tambi\u00e9n puedes obtener ayuda de la comunidad m\u00e1s r\u00e1pido usando el foro (<a href=\"http:\/\/www.nosetu.com\/\">www.nosetu.com<\/a>)<\/p>\n\n\n\n<p>Nosotros tambien estamos en discord:<br><a href=\"https:\/\/discord.nosetu.com\/\" target=\"_blank\" rel=\"noreferrer noopener\">https:\/\/discord.nosetu.com\/<\/a><\/p>\n\n\n\n<p> <\/p>\n\n\n\n<div id=\"wp-block-themeisle-blocks-advanced-columns-6c2d08aa\" class=\"wp-block-themeisle-blocks-advanced-columns has-1-columns has-desktop-equal-layout has-tablet-equal-layout has-mobile-equal-layout has-vertical-unset\"><div class=\"wp-block-themeisle-blocks-advanced-columns-overlay\"><\/div><div class=\"innerblocks-wrap\">\n<div id=\"wp-block-themeisle-blocks-advanced-column-b6b56e1d\" class=\"wp-block-themeisle-blocks-advanced-column\"><div class=\"wpforms-container wpforms-container-full wpforms-block\" id=\"wpforms-137\"><form id=\"wpforms-form-137\" class=\"wpforms-validate wpforms-form wpforms-ajax-form\" data-formid=\"137\" method=\"post\" enctype=\"multipart\/form-data\" action=\"\/web\/wp-json\/wp\/v2\/pages\/533\" data-token=\"905b0ab63b8bcaafd384cb1b34ced5f7\" data-token-time=\"1775921665\"><noscript class=\"wpforms-error-noscript\">Por favor, activa JavaScript en tu navegador para completar este formulario.<\/noscript><div class=\"wpforms-field-container\"><div id=\"wpforms-137-field_0-container\" class=\"wpforms-field wpforms-field-name\" data-field-id=\"0\"><label class=\"wpforms-field-label\" for=\"wpforms-137-field_0\">Nombre <span class=\"wpforms-required-label\">*<\/span><\/label><input type=\"text\" id=\"wpforms-137-field_0\" class=\"wpforms-field-medium wpforms-field-required\" name=\"wpforms[fields][0]\" required><\/div><div id=\"wpforms-137-field_3-container\" class=\"wpforms-field wpforms-field-select wpforms-field-select-style-classic\" data-field-id=\"3\"><label class=\"wpforms-field-label\" for=\"wpforms-137-field_3\">Selecciona el juego por el cual te contactas <span class=\"wpforms-required-label\">*<\/span><\/label><select id=\"wpforms-137-field_3\" class=\"wpforms-field-medium wpforms-field-required\" name=\"wpforms[fields][3]\" required=\"required\"><option value=\"Argentum Forever\" >Argentum Forever<\/option><option value=\"Kicks Online 3\" >Kicks Online 3<\/option><option value=\"Counter Strike \/ Minecraft\" >Counter Strike \/ Minecraft<\/option><option value=\"Narcos Life\" >Narcos Life<\/option><option value=\"Revival AO\" >Revival AO<\/option><\/select><div class=\"wpforms-field-description\">Debemos saber sobre qu\u00e9 juego nos contactas.<\/div><\/div><div id=\"wpforms-137-field_1-container\" class=\"wpforms-field wpforms-field-email\" data-field-id=\"1\"><label class=\"wpforms-field-label\" for=\"wpforms-137-field_1\">Email <span class=\"wpforms-required-label\">*<\/span><\/label><input type=\"email\" id=\"wpforms-137-field_1\" class=\"wpforms-field-medium wpforms-field-required\" name=\"wpforms[fields][1]\" spellcheck=\"false\" required><\/div><div id=\"wpforms-137-field_5-container\" class=\"wpforms-field wpforms-field-name\" data-field-id=\"5\"><label class=\"wpforms-field-label\" for=\"wpforms-137-field_5\">Nick del personaje dentro del juego <span class=\"wpforms-required-label\">*<\/span><\/label><input type=\"text\" id=\"wpforms-137-field_5\" class=\"wpforms-field-medium wpforms-field-required\" name=\"wpforms[fields][5]\" required><\/div><div id=\"wpforms-137-field_4-container\" class=\"wpforms-field wpforms-field-select wpforms-field-select-style-classic\" data-field-id=\"4\"><label class=\"wpforms-field-label\" for=\"wpforms-137-field_4\">Asunto <span class=\"wpforms-required-label\">*<\/span><\/label><select id=\"wpforms-137-field_4\" class=\"wpforms-field-medium wpforms-field-required\" name=\"wpforms[fields][4]\" required=\"required\"><option value=\"Consultas \/ Preguntas\" >Consultas \/ Preguntas<\/option><option value=\"Reportar bug\" >Reportar bug<\/option><option value=\"Denunciar jugador\" >Denunciar jugador<\/option><option value=\"No puedo iniciar el juego\" >No puedo iniciar el juego<\/option><option value=\"Ayuda\"  selected='selected'>Ayuda<\/option><option value=\"Otro\" >Otro<\/option><\/select><\/div><div id=\"wpforms-137-field_2-container\" class=\"wpforms-field wpforms-field-textarea\" data-field-id=\"2\"><label class=\"wpforms-field-label\" for=\"wpforms-137-field_2\">Mensaje <span class=\"wpforms-required-label\">*<\/span><\/label><textarea id=\"wpforms-137-field_2\" class=\"wpforms-field-medium wpforms-field-required\" name=\"wpforms[fields][2]\" required><\/textarea><\/div><\/div><!-- .wpforms-field-container --><div class=\"wpforms-submit-container\" ><input type=\"hidden\" name=\"wpforms[id]\" value=\"137\"><input type=\"hidden\" name=\"page_title\" value=\"\"><input type=\"hidden\" name=\"page_url\" value=\"https:\/\/nosetu.io\/web\/wp-json\/wp\/v2\/pages\/533\"><input type=\"hidden\" name=\"url_referer\" value=\"\"><button type=\"submit\" name=\"wpforms[submit]\" id=\"wpforms-submit-137\" class=\"wpforms-submit\" data-alt-text=\"Enviando...\" data-submit-text=\"Enviar\" aria-live=\"assertive\" value=\"wpforms-submit\">Enviar<\/button><img loading=\"lazy\" decoding=\"async\" src=\"https:\/\/nosetu.io\/web\/wp-content\/plugins\/wpforms-lite\/assets\/images\/submit-spin.svg\" class=\"wpforms-submit-spinner\" style=\"display: none;\" width=\"26\" height=\"26\" alt=\"Cargando\"><\/div><\/form><\/div>  <!-- .wpforms-container --><\/div>\n<\/div><\/div>\n\n\n\n<p><\/p>\n","protected":false},"excerpt":{"rendered":"<p>A trav\u00e9s de esta p\u00e1gina puedes contactarnos, nuestro tiempo de respuesta es de 24 a 48 horas h\u00e1biles. Los mensajes se responden en el mismo orden en que fueron recibidos. Recuerda que tambi\u00e9n puedes obtener ayuda de la comunidad m\u00e1s r\u00e1pido usando el foro (www.nosetu.com) Nosotros tambien estamos en discord:https:\/\/discord.nosetu.com\/<\/p>\n","protected":false},"author":1,"featured_media":0,"parent":0,"menu_order":0,"comment_status":"closed","ping_status":"closed","template":"","meta":{"om_disable_all_campaigns":false,"_monsterinsights_skip_tracking":false,"_monsterinsights_sitenote_active":false,"_monsterinsights_sitenote_note":"","_monsterinsights_sitenote_category":0,"neve_meta_sidebar":"","neve_meta_container":"","neve_meta_enable_content_width":"","neve_meta_content_width":0,"neve_meta_title_alignment":"","neve_meta_author_avatar":"","neve_post_elements_order":"","neve_meta_disable_header":"","neve_meta_disable_footer":"","neve_meta_disable_title":"","_themeisle_gutenberg_block_has_review":false,"footnotes":""},"class_list":["post-533","page","type-page","status-publish","hentry"],"aioseo_notices":[],"_links":{"self":[{"href":"https:\/\/nosetu.io\/web\/wp-json\/wp\/v2\/pages\/533","targetHints":{"allow":["GET"]}}],"collection":[{"href":"https:\/\/nosetu.io\/web\/wp-json\/wp\/v2\/pages"}],"about":[{"href":"https:\/\/nosetu.io\/web\/wp-json\/wp\/v2\/types\/page"}],"author":[{"embeddable":true,"href":"https:\/\/nosetu.io\/web\/wp-json\/wp\/v2\/users\/1"}],"replies":[{"embeddable":true,"href":"https:\/\/nosetu.io\/web\/wp-json\/wp\/v2\/comments?post=533"}],"version-history":[{"count":4,"href":"https:\/\/nosetu.io\/web\/wp-json\/wp\/v2\/pages\/533\/revisions"}],"predecessor-version":[{"id":540,"href":"https:\/\/nosetu.io\/web\/wp-json\/wp\/v2\/pages\/533\/revisions\/540"}],"wp:attachment":[{"href":"https:\/\/nosetu.io\/web\/wp-json\/wp\/v2\/media?parent=533"}],"curies":[{"name":"wp","href":"https:\/\/api.w.org\/{rel}","templated":true}]}}