{"id":9,"date":"2022-10-12T19:33:34","date_gmt":"2022-10-12T19:33:34","guid":{"rendered":"https:\/\/nosetu.com\/blog\/?page_id=9"},"modified":"2022-11-14T23:06:28","modified_gmt":"2022-11-14T23:06:28","slug":"servidores","status":"publish","type":"page","link":"https:\/\/nosetu.io\/web\/servidores\/","title":{"rendered":"Servidores"},"content":{"rendered":"\n<p>Lista de nuestros servidores:<\/p>\n\n\n\n<p><br><\/p>\n\n\n\n<a href=\"https:\/\/www.gametracker.com\/server_info\/151.80.52.46:27015\/\" target=\"_blank\" rel=\"noopener\"><img loading=\"lazy\" decoding=\"async\" src=\"https:\/\/cache.gametracker.com\/server_info\/151.80.52.46:27015\/b_560_95_1.png\" border=\"0\" width=\"560\" height=\"95\" alt=\"\"\/><\/a>\n\n\n\n<figure class=\"wp-block-table\"><table><tbody><tr><td><strong>Nombre<\/strong><\/td><td><strong>DIRECCI\u00d3N DE IP<\/strong><\/td><td><strong>HOST<\/strong><\/td><\/tr><tr><td>Nosetu Server #1 &#8211; Cl\u00e1sico Counter Strike 1.6<\/td><td><a href=\"https:\/\/www.gametracker.com\/server_info\/160.20.247.195:27015\/b\/\" target=\"_blank\" rel=\"noopener\" title=\"160.20.247.195:27015\">160.20.247.195:27015<\/a><\/td><td><strong>ARGENTINA<\/strong> (HostingXF.com)<\/td><\/tr><tr><td>Nosetu Server #2 &#8211; Cl\u00e1sico Counter Strike 1.6<\/td><td><a href=\"https:\/\/www.gametracker.com\/server_info\/151.80.52.46:27015\" target=\"_blank\" rel=\"noopener\" title=\"151.80.52.46:27015\">151.80.52.46:27015<\/a><\/td><td><strong>FRANCIA<\/strong> (HostingXF.com)<\/td><\/tr><\/tbody><\/table><\/figure>\n\n\n\n<div class=\"wp-block-cover alignfull\" style=\"min-height:320px;aspect-ratio:unset;\"><span aria-hidden=\"true\" class=\"wp-block-cover__background has-nv-site-bg-background-color has-background-dim-100 has-background-dim\"><\/span><div class=\"wp-block-cover__inner-container is-layout-flow wp-block-cover-is-layout-flow\">\n<div class=\"wp-block-group\"><div class=\"wp-block-group__inner-container is-layout-flow wp-block-group-is-layout-flow\">\n<div class=\"wp-block-columns are-vertically-aligned-center is-layout-flex wp-container-core-columns-is-layout-9d6595d7 wp-block-columns-is-layout-flex\">\n<div class=\"wp-block-column is-vertically-aligned-center is-layout-flow wp-block-column-is-layout-flow\" style=\"flex-basis:70%\">\n<p>s<\/p>\n\n\n\n<p><\/p>\n\n\n\n<p><\/p>\n\n\n\n<a href=\"https:\/\/www.gametracker.com\/server_info\/160.20.247.195:27015\/\" target=\"_blank\" rel=\"noopener\"><img loading=\"lazy\" decoding=\"async\" src=\"https:\/\/cache.gametracker.com\/server_info\/160.20.247.195:27015\/b_560_95_1.png\" border=\"0\" width=\"560\" height=\"95\" alt=\"\"><\/a>\n\n\n\n<p class=\"has-neve-text-color-color has-text-color\" style=\"font-size:22px\"><\/p>\n<\/div>\n\n\n\n<div class=\"wp-block-column is-vertically-aligned-center is-layout-flow wp-block-column-is-layout-flow\" style=\"flex-basis:30%\"><\/div>\n<\/div>\n<\/div><\/div>\n<\/div><\/div>\n\n\n\n<div class=\"wp-block-cover alignfull\" style=\"min-height:600px;aspect-ratio:unset;\"><span aria-hidden=\"true\" class=\"wp-block-cover__background has-nv-light-bg-background-color has-background-dim-100 has-background-dim\"><\/span><div class=\"wp-block-cover__inner-container is-layout-flow wp-block-cover-is-layout-flow\">\n<div class=\"wp-block-group\"><div class=\"wp-block-group__inner-container is-layout-flow wp-block-group-is-layout-flow\">\n<div style=\"height:80px\" aria-hidden=\"true\" class=\"wp-block-spacer\"><\/div>\n\n\n\n<div class=\"wp-block-columns is-layout-flex wp-container-core-columns-is-layout-9d6595d7 wp-block-columns-is-layout-flex\">\n<div class=\"wp-block-column is-layout-flow wp-block-column-is-layout-flow\" style=\"flex-basis:66.79%\">\n<figure class=\"wp-block-image size-large\"><img loading=\"lazy\" decoding=\"async\" width=\"1024\" height=\"624\" src=\"https:\/\/nosetu.com\/web\/wp-content\/uploads\/2022\/11\/R-1024x624.jpg\" alt=\"\" class=\"wp-image-437\" srcset=\"https:\/\/nosetu.io\/web\/wp-content\/uploads\/2022\/11\/R-1024x624.jpg 1024w, https:\/\/nosetu.io\/web\/wp-content\/uploads\/2022\/11\/R-300x183.jpg 300w, https:\/\/nosetu.io\/web\/wp-content\/uploads\/2022\/11\/R-768x468.jpg 768w, https:\/\/nosetu.io\/web\/wp-content\/uploads\/2022\/11\/R-1536x936.jpg 1536w, https:\/\/nosetu.io\/web\/wp-content\/uploads\/2022\/11\/R.jpg 1680w\" sizes=\"auto, (max-width: 1024px) 100vw, 1024px\" \/><\/figure>\n\n\n\n<div style=\"height:40px\" aria-hidden=\"true\" class=\"wp-block-spacer\"><\/div>\n<\/div>\n\n\n\n<div class=\"wp-block-column is-layout-flow wp-block-column-is-layout-flow\" style=\"flex-basis:34%\">\n<p class=\"has-neve-text-color-color has-text-color\">Counter-Strike 1.6 es un videojuego de disparos en primera persona multijugador (ya sea en LAN o en l\u00ednea) desarrollado por Valve para Microsoft Windows.<\/p>\n\n\n\n<p class=\"has-neve-text-color-color has-text-color\">Es una modificaci\u00f3n completa del juego Half-Life, realizada por Minh Le y Jess Cliffe, quienes lanzaron la primera versi\u00f3n el 18 de junio de 1999.<\/p>\n\n\n\n<div class=\"wp-block-buttons is-layout-flex wp-block-buttons-is-layout-flex\">\n<div class=\"wp-block-button is-style-primary\"><a class=\"wp-block-button__link\" href=\"https:\/\/nosetu.com\/web\/descargas\/\">DESCARGAR COUNTER STRIKE 1.6<\/a><\/div>\n<\/div>\n\n\n\n<hr class=\"wp-block-separator has-css-opacity is-style-wide\"\/>\n\n\n\n<p class=\"has-neve-text-color-color has-text-color\"><\/p>\n<\/div>\n<\/div>\n\n\n\n<div style=\"height:40px\" aria-hidden=\"true\" class=\"wp-block-spacer\"><\/div>\n<\/div><\/div>\n<\/div><\/div>\n\n\n\n<div class=\"wp-block-cover alignfull\" style=\"min-height:300px;aspect-ratio:unset;\"><span aria-hidden=\"true\" class=\"wp-block-cover__background has-nv-dark-bg-background-color has-background-dim-100 has-background-dim\"><\/span><div class=\"wp-block-cover__inner-container is-layout-flow wp-block-cover-is-layout-flow\">\n<div style=\"height:140px\" aria-hidden=\"true\" class=\"wp-block-spacer\"><\/div>\n\n\n\n<figure class=\"wp-block-image size-full is-resized\"><img loading=\"lazy\" decoding=\"async\" src=\"https:\/\/nosetu.com\/web\/wp-content\/uploads\/2022\/11\/dfa.png\" alt=\"\" class=\"wp-image-455\" width=\"599\" height=\"170\" srcset=\"https:\/\/nosetu.io\/web\/wp-content\/uploads\/2022\/11\/dfa.png 311w, https:\/\/nosetu.io\/web\/wp-content\/uploads\/2022\/11\/dfa-300x85.png 300w\" sizes=\"auto, (max-width: 599px) 100vw, 599px\" \/><figcaption><em>Hosting<\/em>XF.com es nuestro patrocinador de alojamiento oficial, sin ellos no tendr\u00edamos nada.<\/figcaption><\/figure>\n\n\n\n<h2 class=\"has-text-align-center has-nv-text-dark-bg-color has-text-color wp-block-heading\">Todos nuestros servidores se encuentran alojados en HostingXF.com<\/h2>\n\n\n\n<p class=\"has-text-align-center has-medium-font-size\">\u00a1Agradecemos a nuestros sponsors por hacer esto posible <a href=\"http:\/\/hostingxf.com\" target=\"_blank\" rel=\"noopener\" title=\"\">HostingXF<\/a> y <a href=\"https:\/\/store.steampowered.com\/\" title=\"\">Steam!<\/a><\/p>\n\n\n\n<div class=\"wp-block-buttons is-content-justification-center is-layout-flex wp-container-core-buttons-is-layout-16018d1d wp-block-buttons-is-layout-flex\">\n<div class=\"wp-block-button is-style-primary\"><a class=\"wp-block-button__link\" href=\"https:\/\/www.hostingxf.com\/billing\/\" target=\"_blank\" rel=\"noreferrer noopener\">VER M\u00c1S INFORMACI\u00d3N SOBRE HOSTINGXF.COM<\/a><\/div>\n<\/div>\n\n\n\n<div style=\"height:140px\" aria-hidden=\"true\" class=\"wp-block-spacer\"><\/div>\n<\/div><\/div>\n","protected":false},"excerpt":{"rendered":"<p>Lista de nuestros servidores: Nombre DIRECCI\u00d3N DE IP HOST Nosetu Server #1 &#8211; Cl\u00e1sico Counter Strike 1.6 160.20.247.195:27015 ARGENTINA (HostingXF.com) Nosetu Server #2 &#8211; Cl\u00e1sico Counter Strike 1.6 151.80.52.46:27015 FRANCIA (HostingXF.com)<\/p>\n","protected":false},"author":1,"featured_media":0,"parent":0,"menu_order":0,"comment_status":"closed","ping_status":"closed","template":"","meta":{"om_disable_all_campaigns":false,"_monsterinsights_skip_tracking":false,"_monsterinsights_sitenote_active":false,"_monsterinsights_sitenote_note":"","_monsterinsights_sitenote_category":0,"neve_meta_sidebar":"","neve_meta_container":"","neve_meta_enable_content_width":"on","neve_meta_content_width":100,"neve_meta_title_alignment":"","neve_meta_author_avatar":"","neve_post_elements_order":"","neve_meta_disable_header":"","neve_meta_disable_footer":"","neve_meta_disable_title":"on","_themeisle_gutenberg_block_has_review":false,"footnotes":""},"class_list":["post-9","page","type-page","status-publish","hentry"],"aioseo_notices":[],"_links":{"self":[{"href":"https:\/\/nosetu.io\/web\/wp-json\/wp\/v2\/pages\/9","targetHints":{"allow":["GET"]}}],"collection":[{"href":"https:\/\/nosetu.io\/web\/wp-json\/wp\/v2\/pages"}],"about":[{"href":"https:\/\/nosetu.io\/web\/wp-json\/wp\/v2\/types\/page"}],"author":[{"embeddable":true,"href":"https:\/\/nosetu.io\/web\/wp-json\/wp\/v2\/users\/1"}],"replies":[{"embeddable":true,"href":"https:\/\/nosetu.io\/web\/wp-json\/wp\/v2\/comments?post=9"}],"version-history":[{"count":19,"href":"https:\/\/nosetu.io\/web\/wp-json\/wp\/v2\/pages\/9\/revisions"}],"predecessor-version":[{"id":460,"href":"https:\/\/nosetu.io\/web\/wp-json\/wp\/v2\/pages\/9\/revisions\/460"}],"wp:attachment":[{"href":"https:\/\/nosetu.io\/web\/wp-json\/wp\/v2\/media?parent=9"}],"curies":[{"name":"wp","href":"https:\/\/api.w.org\/{rel}","templated":true}]}}